{"id":3821,"date":"2022-07-26T11:57:46","date_gmt":"2022-07-26T09:57:46","guid":{"rendered":"http:\/\/agence-lacanopee.com\/?page_id=3821"},"modified":"2022-07-26T12:07:48","modified_gmt":"2022-07-26T10:07:48","slug":"mentions-legales","status":"publish","type":"page","link":"https:\/\/agence-lacanopee.com\/index.php\/mentions-legales\/","title":{"rendered":"Mentions l\u00e9gales"},"content":{"rendered":"<div class=\"wpb-content-wrapper\"><p>[vc_row][vc_column][vc_column_text]<\/p>\n<p>Site internet \u00e9dit\u00e9 par la soci\u00e9t\u00e9 : <strong>AGENCE LA CANOPEE<\/strong><\/p>\n<table style=\"height: 112px;\" width=\"525\">\n<tbody>\n<tr>\n<td width=\"24%\">Raison Sociale :<\/td>\n<td width=\"74%\"><strong>AGENCE LA CANOPEE<\/strong><\/td>\n<\/tr>\n<tr>\n<td>Adresse internet :<\/td>\n<td><a href=\"https:\/\/www.agence-lacanopee.com\">www.agence-lacanopee.com<\/a><\/td>\n<\/tr>\n<tr>\n<td>Si\u00e8ge social :<\/td>\n<td>37, Rue Duchenne 33120 Arcachon<\/td>\n<\/tr>\n<tr>\n<td>TVA intra-communautaire :<\/td>\n<td>FR 81 831711585<\/td>\n<\/tr>\n<\/tbody>\n<\/table>\n<p>Directeur de la publication : Madame Virginie SAMITIER<\/p>\n<p>[\/vc_column_text][vc_column_text]<strong>H\u00e9bergement<\/strong><br \/>L\u2019h\u00e9bergement des sites est assur\u00e9 par :<br \/>OVH<br \/>140 Quai du Sartel<br \/>59100 ROUBAIX<br \/>N\u00b0 de TVA intracommunautaire : FR 22 424761419[\/vc_column_text][vc_column_text]<\/p>\n<p><strong>Droit de propri\u00e9t\u00e9 intellectuelle<\/strong><br \/>Le site, son design et son contenu sont la propri\u00e9t\u00e9 exclusive de la soci\u00e9t\u00e9 AGENCE LA CANOPEE. L\u2019utilisation, la reproduction ou la traduction, partielle ou int\u00e9grale, des \u00e9l\u00e9ments du site agence-lacanopee.com sont formellement interdites, sauf autorisation expresse et \u00e9crite octroy\u00e9e par la soci\u00e9t\u00e9 AGENCE LA CANOPEE. (article 122.4 du Code de la Propri\u00e9t\u00e9 Intellectuelle).<\/p>\n<p>[\/vc_column_text][vc_column_text]<strong>Donn\u00e9es personnelles<\/strong><br \/>Les informations collect\u00e9es via le site agence-lacanopee.com sont uniquement destin\u00e9es \u00e0 la prise de contact. Elles ne seront en aucun cas communiqu\u00e9es \u00e0 des tiers.<br \/>En d\u00e9pit de la vigilance de l\u2019\u00e9diteur, il est possible que des erreurs subsistent. Dans pareil cas, vous pouvez nous les signaler via notre formulaire de contact. En aucun cas, la soci\u00e9t\u00e9 AGENCE LA CANOPEE ne pourra \u00eatre tenue responsable des dommages li\u00e9s \u00e0 la consultation ou l\u2019utilisation du site agence-lacanopee.com.[\/vc_column_text][\/vc_column][\/vc_row]<\/p>\n<\/div>","protected":false},"excerpt":{"rendered":"<p>[vc_row][vc_column][vc_column_text] Site internet \u00e9dit\u00e9 par la soci\u00e9t\u00e9 : AGENCE LA CANOPEE Raison Sociale : AGENCE LA CANOPEE Adresse internet : www.agence-lacanopee.com Si\u00e8ge social : 37, Rue Duchenne 33120 Arcachon TVA intra-communautaire : FR 81 831711585 Directeur de la publication : Madame Virginie SAMITIER [\/vc_column_text][vc_column_text]H\u00e9bergementL\u2019h\u00e9bergement des sites est assur\u00e9 par :OVH140 Quai du Sartel59100 ROUBAIXN\u00b0 de&hellip;<\/p>\n","protected":false},"author":1,"featured_media":0,"parent":0,"menu_order":0,"comment_status":"closed","ping_status":"open","template":"","meta":{"footnotes":""},"class_list":["post-3821","page","type-page","status-publish","hentry","description-off"],"yoast_head":"<!-- This site is optimized with the Yoast SEO plugin v25.9 - https:\/\/yoast.com\/wordpress\/plugins\/seo\/ -->\n<title>Mentions l\u00e9gales - Agence La Canop\u00e9e<\/title>\n<meta name=\"robots\" content=\"index, follow, max-snippet:-1, max-image-preview:large, max-video-preview:-1\" \/>\n<link rel=\"canonical\" href=\"https:\/\/agence-lacanopee.com\/index.php\/mentions-legales\/\" \/>\n<meta property=\"og:locale\" content=\"fr_FR\" \/>\n<meta property=\"og:type\" content=\"article\" \/>\n<meta property=\"og:title\" content=\"Mentions l\u00e9gales - Agence La Canop\u00e9e\" \/>\n<meta property=\"og:description\" content=\"[vc_row][vc_column][vc_column_text] Site internet \u00e9dit\u00e9 par la soci\u00e9t\u00e9 : AGENCE LA CANOPEE Raison Sociale : AGENCE LA CANOPEE Adresse internet : www.agence-lacanopee.com Si\u00e8ge social : 37, Rue Duchenne 33120 Arcachon TVA intra-communautaire : FR 81 831711585 Directeur de la publication : Madame Virginie SAMITIER [\/vc_column_text][vc_column_text]H\u00e9bergementL\u2019h\u00e9bergement des sites est assur\u00e9 par :OVH140 Quai du Sartel59100 ROUBAIXN\u00b0 de&hellip;\" \/>\n<meta property=\"og:url\" content=\"https:\/\/agence-lacanopee.com\/index.php\/mentions-legales\/\" \/>\n<meta property=\"og:site_name\" content=\"Agence La Canop\u00e9e\" \/>\n<meta property=\"article:modified_time\" content=\"2022-07-26T10:07:48+00:00\" \/>\n<meta name=\"twitter:card\" content=\"summary_large_image\" \/>\n<meta name=\"twitter:label1\" content=\"Dur\u00e9e de lecture estim\u00e9e\" \/>\n\t<meta name=\"twitter:data1\" content=\"1 minute\" \/>\n<script type=\"application\/ld+json\" class=\"yoast-schema-graph\">{\"@context\":\"https:\/\/schema.org\",\"@graph\":[{\"@type\":\"WebPage\",\"@id\":\"https:\/\/agence-lacanopee.com\/index.php\/mentions-legales\/\",\"url\":\"https:\/\/agence-lacanopee.com\/index.php\/mentions-legales\/\",\"name\":\"Mentions l\u00e9gales - Agence La Canop\u00e9e\",\"isPartOf\":{\"@id\":\"https:\/\/agence-lacanopee.com\/#website\"},\"datePublished\":\"2022-07-26T09:57:46+00:00\",\"dateModified\":\"2022-07-26T10:07:48+00:00\",\"breadcrumb\":{\"@id\":\"https:\/\/agence-lacanopee.com\/index.php\/mentions-legales\/#breadcrumb\"},\"inLanguage\":\"fr-FR\",\"potentialAction\":[{\"@type\":\"ReadAction\",\"target\":[\"https:\/\/agence-lacanopee.com\/index.php\/mentions-legales\/\"]}]},{\"@type\":\"BreadcrumbList\",\"@id\":\"https:\/\/agence-lacanopee.com\/index.php\/mentions-legales\/#breadcrumb\",\"itemListElement\":[{\"@type\":\"ListItem\",\"position\":1,\"name\":\"Accueil\",\"item\":\"https:\/\/agence-lacanopee.com\/\"},{\"@type\":\"ListItem\",\"position\":2,\"name\":\"Mentions l\u00e9gales\"}]},{\"@type\":\"WebSite\",\"@id\":\"https:\/\/agence-lacanopee.com\/#website\",\"url\":\"https:\/\/agence-lacanopee.com\/\",\"name\":\"Agence La Canop\u00e9e\",\"description\":\"\",\"potentialAction\":[{\"@type\":\"SearchAction\",\"target\":{\"@type\":\"EntryPoint\",\"urlTemplate\":\"https:\/\/agence-lacanopee.com\/?s={search_term_string}\"},\"query-input\":{\"@type\":\"PropertyValueSpecification\",\"valueRequired\":true,\"valueName\":\"search_term_string\"}}],\"inLanguage\":\"fr-FR\"}]}<\/script>\n<!-- \/ Yoast SEO plugin. -->","yoast_head_json":{"title":"Mentions l\u00e9gales - Agence La Canop\u00e9e","robots":{"index":"index","follow":"follow","max-snippet":"max-snippet:-1","max-image-preview":"max-image-preview:large","max-video-preview":"max-video-preview:-1"},"canonical":"https:\/\/agence-lacanopee.com\/index.php\/mentions-legales\/","og_locale":"fr_FR","og_type":"article","og_title":"Mentions l\u00e9gales - Agence La Canop\u00e9e","og_description":"[vc_row][vc_column][vc_column_text] Site internet \u00e9dit\u00e9 par la soci\u00e9t\u00e9 : AGENCE LA CANOPEE Raison Sociale : AGENCE LA CANOPEE Adresse internet : www.agence-lacanopee.com Si\u00e8ge social : 37, Rue Duchenne 33120 Arcachon TVA intra-communautaire : FR 81 831711585 Directeur de la publication : Madame Virginie SAMITIER [\/vc_column_text][vc_column_text]H\u00e9bergementL\u2019h\u00e9bergement des sites est assur\u00e9 par :OVH140 Quai du Sartel59100 ROUBAIXN\u00b0 de&hellip;","og_url":"https:\/\/agence-lacanopee.com\/index.php\/mentions-legales\/","og_site_name":"Agence La Canop\u00e9e","article_modified_time":"2022-07-26T10:07:48+00:00","twitter_card":"summary_large_image","twitter_misc":{"Dur\u00e9e de lecture estim\u00e9e":"1 minute"},"schema":{"@context":"https:\/\/schema.org","@graph":[{"@type":"WebPage","@id":"https:\/\/agence-lacanopee.com\/index.php\/mentions-legales\/","url":"https:\/\/agence-lacanopee.com\/index.php\/mentions-legales\/","name":"Mentions l\u00e9gales - Agence La Canop\u00e9e","isPartOf":{"@id":"https:\/\/agence-lacanopee.com\/#website"},"datePublished":"2022-07-26T09:57:46+00:00","dateModified":"2022-07-26T10:07:48+00:00","breadcrumb":{"@id":"https:\/\/agence-lacanopee.com\/index.php\/mentions-legales\/#breadcrumb"},"inLanguage":"fr-FR","potentialAction":[{"@type":"ReadAction","target":["https:\/\/agence-lacanopee.com\/index.php\/mentions-legales\/"]}]},{"@type":"BreadcrumbList","@id":"https:\/\/agence-lacanopee.com\/index.php\/mentions-legales\/#breadcrumb","itemListElement":[{"@type":"ListItem","position":1,"name":"Accueil","item":"https:\/\/agence-lacanopee.com\/"},{"@type":"ListItem","position":2,"name":"Mentions l\u00e9gales"}]},{"@type":"WebSite","@id":"https:\/\/agence-lacanopee.com\/#website","url":"https:\/\/agence-lacanopee.com\/","name":"Agence La Canop\u00e9e","description":"","potentialAction":[{"@type":"SearchAction","target":{"@type":"EntryPoint","urlTemplate":"https:\/\/agence-lacanopee.com\/?s={search_term_string}"},"query-input":{"@type":"PropertyValueSpecification","valueRequired":true,"valueName":"search_term_string"}}],"inLanguage":"fr-FR"}]}},"_links":{"self":[{"href":"https:\/\/agence-lacanopee.com\/index.php\/wp-json\/wp\/v2\/pages\/3821","targetHints":{"allow":["GET"]}}],"collection":[{"href":"https:\/\/agence-lacanopee.com\/index.php\/wp-json\/wp\/v2\/pages"}],"about":[{"href":"https:\/\/agence-lacanopee.com\/index.php\/wp-json\/wp\/v2\/types\/page"}],"author":[{"embeddable":true,"href":"https:\/\/agence-lacanopee.com\/index.php\/wp-json\/wp\/v2\/users\/1"}],"replies":[{"embeddable":true,"href":"https:\/\/agence-lacanopee.com\/index.php\/wp-json\/wp\/v2\/comments?post=3821"}],"version-history":[{"count":2,"href":"https:\/\/agence-lacanopee.com\/index.php\/wp-json\/wp\/v2\/pages\/3821\/revisions"}],"predecessor-version":[{"id":3827,"href":"https:\/\/agence-lacanopee.com\/index.php\/wp-json\/wp\/v2\/pages\/3821\/revisions\/3827"}],"wp:attachment":[{"href":"https:\/\/agence-lacanopee.com\/index.php\/wp-json\/wp\/v2\/media?parent=3821"}],"curies":[{"name":"wp","href":"https:\/\/api.w.org\/{rel}","templated":true}]}}