{"id":3832,"date":"2022-07-26T15:59:54","date_gmt":"2022-07-26T13:59:54","guid":{"rendered":"http:\/\/agence-lacanopee.com\/?page_id=3832"},"modified":"2022-07-26T16:00:27","modified_gmt":"2022-07-26T14:00:27","slug":"cookies","status":"publish","type":"page","link":"https:\/\/agence-lacanopee.com\/index.php\/cookies\/","title":{"rendered":"Cookies"},"content":{"rendered":"<div class=\"wpb-content-wrapper\"><p>[vc_row][vc_column][vc_column_text]<strong>Gestion des cookies<\/strong><\/p>\n<p>Notre site web utilise des cookies. Un cookie est un fichier contenant un identifiant (une cha\u00eene de lettres et de chiffres) envoy\u00e9 par un serveur web vers un navigateur web et stock\u00e9 par le navigateur. L\u2019identifiant est alors renvoy\u00e9 au serveur \u00e0 chaque fois que le navigateur demande une page au serveur. Les cookies peuvent \u00eatre \u00ab persistants \u00bb ou \u00ab de session \u00bb : un cookie persistant est stock\u00e9 par le navigateur et reste valide jusqu\u2019\u00e0 sa date d\u2019expiration, \u00e0 moins d\u2019\u00eatre supprim\u00e9 par l\u2019utilisateur avant cette date d\u2019expiration ; quant \u00e0 un cookie de session, il expire \u00e0 la fin de la session utilisateur, lors de la fermeture du navigateur. Les cookies ne contiennent en g\u00e9n\u00e9ral aucune information permettant d\u2019identifier personnellement un utilisateur, mais les informations personnelles que nous stockons \u00e0 votre sujet peuvent \u00eatre li\u00e9es aux informations stock\u00e9es dans les cookies et obtenues par les cookies. Nous utilisons des cookies de session et des cookies persistants sur notre site web.<\/p>\n<ol>\n<li>Les noms des cookies que nous utilisons sur notre site web et les objectifs dans lesquels nous les utilisons sont d\u00e9crits ci-dessous:\n<ol type=\"a\">\n<li>Nous utilisons Google Analytics et Adwords sur notre site web pour :\u00a0 reconna\u00eetre un ordinateur lorsqu\u2019un utilisateur consulte le site web\/ suivre les utilisateurs lors de leur navigation sur le site web\/ activer l\u2019utilisation d\u2019un panier sur le site web\/ am\u00e9liorer l\u2019utilisation d\u2019un site web\/ analyser l\u2019utilisation du site web\/ administrer le site web\/ emp\u00eacher la fraude et am\u00e9liorer la s\u00e9curit\u00e9 du site web\/ personnaliser le site web pour chaque utilisateur\/ envoyer des publicit\u00e9s cibl\u00e9es pouvant int\u00e9resser certains utilisateurs (d\u00e9crivez vos autres objectifs);<\/li>\n<\/ol>\n<\/li>\n<li>La plupart des navigateurs vous permettent de refuser ou d\u2019accepter les cookies. Par exemple:\n<ol type=\"a\">\n<li>avec Internet Explorer (version 10), vous pouvez bloquer les cookies en utilisant les param\u00e8tres de remplacement de la gestion des cookies disponibles en cliquant sur \u00abOutils\u00bb, \u00abOptions internet\u00bb, \u00abConfidentialit\u00e9\u00bb puis \u00abAvanc\u00e9\u00bb;<\/li>\n<li>avec Firefox (version 24), vous pouvez bloquer tous les cookies en cliquant sur \u00abOutils\u00bb, \u00abOptions\u00bb, \u00abConfidentialit\u00e9\u00bb puis en s\u00e9lectionnant \u00abUtiliser des param\u00e8tres personnalis\u00e9s pour l\u2019historique\u00bb depuis le menu d\u00e9roulant et en d\u00e9cochant \u00abAccepter les cookies provenant des sites\u00bb; et<\/li>\n<li>avec Chrome (version 29), vous pouvez bloquer tous les cookies en acc\u00e9dant au menu \u00abPersonnaliser et contr\u00f4ler\u00bb puis en cliquant sur \u00abParam\u00e8tres\u00bb, \u00abMontrer les param\u00e8tres avanc\u00e9s\u00bb et \u00abParam\u00e8tres de contenu\u00bb puis en s\u00e9lectionnant \u00abEmp\u00eacher les sites de d\u00e9finir des donn\u00e9es\u00bb dans l\u2019en-t\u00eate \u00abCookies\u00bb.<\/li>\n<\/ol>\n<\/li>\n<\/ol>\n<p>Bloquer tous les cookies aura un impact n\u00e9gatif sur l\u2019utilisation de nombreux sites web. Si vous bloquez les cookies, vous ne pourrez pas utiliser toutes les fonctionnalit\u00e9s de notre site web.<\/p>\n<ol start=\"3\">\n<li>Vous pouvez supprimer les cookies d\u00e9j\u00e0 stock\u00e9s sur votre ordinateur. Exemple:\n<ol type=\"a\">\n<li>avec Internet Explorer (version 10), vous devez supprimer le fichier cookies manuellement;<\/li>\n<li>avec Firefox (version 24), vous pouvez supprimer les cookies en cliquant sur \u00abOutils\u00bb, \u00abOptions\u00bb, et \u00abConfidentialit\u00e9\u00bb, puis en s\u00e9lectionnant \u00abUtiliser des param\u00e8tres personnalis\u00e9s pour l\u2019historique\u00bb et en cliquant sur \u00abMontrer les cookies\u00bb, puis sur \u00abSupprimer tous les cookies\u00bb; et<\/li>\n<li>avec Chrome (version 29), vous pouvez supprimer tous les cookies en acc\u00e9dant au menu \u00abPersonnaliser et contr\u00f4ler\u00bb puis en cliquant sur \u00abParam\u00e8tres\u00bb, \u00ab Montrer les param\u00e8tres avanc\u00e9s \u00bb et \u00abSupprimer les donn\u00e9es de navigation\u00bb puis \u00abSupprimer les cookies et les donn\u00e9es des modules d\u2019autres sites\u00bb avant de cliquer sur \u00abSupprimer les donn\u00e9es de navigation\u00bb.<\/li>\n<\/ol>\n<\/li>\n<li>Supprimer les cookies aura un impact n\u00e9gatif sur l\u2019utilisation de nombreux sites web.<\/li>\n<\/ol>\n<p>[\/vc_column_text][vc_column_text]<strong>Cookie Notice : Extension de gestion des cookies<\/strong><br \/>\nCookie Notice fournit une banni\u00e8re de site Web simple et personnalisable qui peut \u00eatre utilis\u00e9e pour aider votre site Web \u00e0 se conformer \u00e0 certaines exigences de consentement aux cookies en vertu de la loi europ\u00e9enne sur les cookies GDPR et des r\u00e9glementations CCPA et comprend une int\u00e9gration transparente avec Cookie Compliance pour aider votre site \u00e0 se conformer aux derni\u00e8res mises \u00e0 jour existantes. lois sur le consentement. Cookie Compliance est une plate-forme de gestion du consentement (CMP) compl\u00e8te qui fournit des fonctionnalit\u00e9s de conformit\u00e9 automatis\u00e9es et des contr\u00f4les de conception am\u00e9lior\u00e9s dans une application Web \u00e0 la pointe de la technologie. La conformit\u00e9 aux cookies permet aux sites Web d&rsquo;adopter une approche proactive des lois sur la protection des donn\u00e9es et le consentement.<\/p>\n<p><span class=\"VIiyi\" lang=\"fr\"><span class=\"JLqJ4b\" data-language-for-alternatives=\"fr\" data-language-to-translate-into=\"en\" data-phrase-index=\"0\" data-number-of-phrases=\"1\"><span class=\"Q4iAWc\">Il s&rsquo;agit de la premi\u00e8re solution \u00e0 offrir le consentement intentionnel, un nouveau cadre de consentement qui int\u00e8gre les derni\u00e8res directives de plus de 100 pays et les normes \u00e9mergentes d&rsquo;organisations internationales de premier plan telles que l&rsquo;IEEE et le Centre europ\u00e9en pour les droits num\u00e9riques (noyb.eu). La conformit\u00e9 aux cookies offre une belle exp\u00e9rience \u00e0 plusieurs niveaux et inclut de nouveaux choix et contr\u00f4les pour les visiteurs du site afin de mieux comprendre et s&rsquo;engager dans les d\u00e9cisions de confidentialit\u00e9 des donn\u00e9es.<\/span><\/span><\/span><\/p>\n<p><span class=\"VIiyi\" lang=\"fr\"><span class=\"JLqJ4b\" data-language-for-alternatives=\"fr\" data-language-to-translate-into=\"en\" data-phrase-index=\"0\" data-number-of-phrases=\"1\"><span class=\"Q4iAWc\">Avis sur les cookies (plugin uniquement) Cookie Notice fournit une banni\u00e8re de site Web simple et personnalisable pour aider votre site Web \u00e0 se conformer \u00e0 certaines exigences de consentement aux cookies. Caract\u00e9ristiques de la banni\u00e8re\u00a0: Message d&rsquo;avertissement personnalisable Consentement au clic, au d\u00e9filement ou \u00e0 la fermeture Plusieurs options d&rsquo;expiration des cookies Lien vers la page de politique de confidentialit\u00e9 Synchronisation avec la page de politique de confidentialit\u00e9 de WordPress Compatible avec les extensions multilingues WPML et Polylang Compatible avec le r\u00e9f\u00e9rencement Conformit\u00e9 aux cookies (plugin + application web) La conformit\u00e9 aux cookies vous donne acc\u00e8s aux directives de formatage et aux exigences de conformit\u00e9 technique les plus r\u00e9centes pour plus de 100 pays et juridictions l\u00e9gales. <\/span><\/span><\/span><\/p>\n<p><span class=\"VIiyi\" lang=\"fr\"><span class=\"JLqJ4b\" data-language-for-alternatives=\"fr\" data-language-to-translate-into=\"en\" data-phrase-index=\"0\" data-number-of-phrases=\"1\"><span class=\"Q4iAWc\">Caract\u00e9ristiques de la banni\u00e8re\u00a0: Le consentement intentionnel fournit 3 boutons \u00e9gaux pour donner aux visiteurs du site la possibilit\u00e9 d&rsquo;accepter aucun, certains ou tous les cookies gr\u00e2ce \u00e0 des choix group\u00e9s appel\u00e9s niveaux d&rsquo;acc\u00e8s aux donn\u00e9es. Les niveaux d&rsquo;acc\u00e8s aux donn\u00e9es am\u00e9liorent la conversion du consentement et \u00e9liminent le sch\u00e9ma sombre des choix trompeurs et non \u00e9gaux dans la premi\u00e8re couche. Conforme au principe de choix \u00e9gal prescrit par le RGPD et d&rsquo;autres lois sur la protection des donn\u00e9es. Le s\u00e9lecteur de dur\u00e9e du consentement permet au visiteur de contr\u00f4ler la dur\u00e9e de validit\u00e9 de son consentement pour votre site. Permet \u00e0 votre site de s&rsquo;aligner sur les r\u00e9centes directives des autorit\u00e9s de protection des donn\u00e9es de l&rsquo;UE, qui stipulent que le consentement aux cookies ne doit pas \u00eatre valide plus de 6 mois. Les cat\u00e9gories d&rsquo;objectif des cookies permettent aux visiteurs du site Web de personnaliser facilement leur consentement par cat\u00e9gorie. Conforme aux exigences de consentement affirmatif et opt-in prescrites par le RGPD et d&rsquo;autres lois sur la protection des donn\u00e9es. Les mesures de consentement affichent l&rsquo;enregistrement de consentement du visiteur et une liste des tiers bloqu\u00e9s \/ autoris\u00e9s directement dans le niveau d\u00e9velopp\u00e9 de la banni\u00e8re. Conforme aux derni\u00e8res directives des autorit\u00e9s de protection des donn\u00e9es de l&rsquo;UE telles que la CNIL (France) et l&rsquo;ICO (Royaume-Uni). Le document de confidentialit\u00e9 personnalisable fournit des informations utiles pour am\u00e9liorer la compr\u00e9hension des visiteurs et la compr\u00e9hension des risques et des avantages du partage de donn\u00e9es. Vous permet de r\u00e9sumer les principaux composants de l&rsquo;avis de confidentialit\u00e9 de votre site et s&rsquo;aligne sur le principe \u00e9clair\u00e9 prescrit par les r\u00e8gles du RGPD pour une capture valide du consentement. Le contact de confidentialit\u00e9 configurable vous permet de fournir les coordonn\u00e9es de l&rsquo;administrateur de la confidentialit\u00e9 des donn\u00e9es d&rsquo;une entreprise, ainsi que des liens utiles vers les formulaires de demande des personnes concern\u00e9es et d&rsquo;autres ressources de confidentialit\u00e9 des donn\u00e9es. S&rsquo;aligne sur le principe \u00e9clair\u00e9 prescrit par les r\u00e8gles du RGPD pour une capture valide du consentement.<\/span><\/span><\/span><\/p>\n<p><span class=\"VIiyi\" lang=\"fr\"><span class=\"JLqJ4b\" data-language-for-alternatives=\"fr\" data-language-to-translate-into=\"en\" data-phrase-index=\"0\" data-number-of-phrases=\"1\"><span class=\"Q4iAWc\">Fonctionnalit\u00e9s de l&rsquo;application Web\u00a0: Le tableau de bord d&rsquo;analyse du consentement affiche les donn\u00e9es d&rsquo;\u00e9v\u00e9nement pour le nombre de visites et fournit un \u00ab\u00a0score de confiance\u00a0\u00bb pour vous aider \u00e0 suivre la fa\u00e7on dont les visiteurs du site d\u00e9finissent leur consentement. Ajustez votre banni\u00e8re pour am\u00e9liorer votre taux d&rsquo;acceptation des cookies et suivez les progr\u00e8s via le graphique d&rsquo;activit\u00e9 de consentement. Les configurations par d\u00e9faut pour GDPR, CCPA et autres aident \u00e0 supprimer les sch\u00e9mas sombres et permettent un d\u00e9ploiement rapide et facile de la banni\u00e8re de consentement sans aucune conjecture. Personnalisez la conception de n&rsquo;importe quelle configuration par d\u00e9faut pour qu&rsquo;elle corresponde \u00e0 l&rsquo;apparence de votre site. Le blocage automatique des scripts bloque par d\u00e9faut tous les scripts de cookies et iFrames non essentiels et est conforme aux r\u00e8gles de consentement valides en vertu du RGPD et d&rsquo;autres lois sur la protection des donn\u00e9es\u00a0; pour \u00eatre conforme, votre site doit enregistrer le consentement du visiteur avant de d\u00e9poser ou d&rsquo;envoyer des cookies. Le stockage des enregistrements de consentement stocke automatiquement un enregistrement de chaque consentement et rend ces enregistrements disponibles pour l&rsquo;exportation. Conforme aux exigences de preuve de consentement prescrites par le RGPD et d&rsquo;autres lois sur la protection des donn\u00e9es. La prise en charge multilingue traduit automatiquement toutes les cha\u00eenes de texte des banni\u00e8res et vous permet de fournir des traductions personnalis\u00e9es pour chaque champ de texte afin de garantir aux visiteurs une exp\u00e9rience de consentement coh\u00e9rente. La gestion multidomaine vous permet de g\u00e9rer des domaines gratuits ou professionnels suppl\u00e9mentaires sous un seul compte et vous permet de personnaliser la configuration et la conception des banni\u00e8res pour chaque domaine ind\u00e9pendamment. Approche proactive de la conformit\u00e9 aux cookies\u00a0: Pour toutes les entreprises, les ressources n\u00e9cessaires pour garder une longueur d&rsquo;avance sur les derni\u00e8res r\u00e9glementations augmentent avec l&rsquo;adoption de chaque nouvelle loi. L&rsquo;application des violations de conformit\u00e9 augmentant chaque jour, nous pensons qu&rsquo;il est essentiel pour nous, en tant que fournisseur de consentement de confiance, de faire tout ce qui est en notre pouvoir pour vous aider \u00e0 rester en avance sur ces lois et \u00e0 \u00e9liminer les risques pour votre entreprise. La conformit\u00e9 aux cookies couvre toutes les r\u00e9glementations actuelles et \u00e0 venir\u00a0: <\/span><\/span><\/span><\/p>\n<p><span class=\"VIiyi\" lang=\"fr\"><span class=\"JLqJ4b\" data-language-for-alternatives=\"fr\" data-language-to-translate-into=\"en\" data-phrase-index=\"0\" data-number-of-phrases=\"1\"><span class=\"Q4iAWc\">RGPD (UE) <\/span><\/span><\/span><\/p>\n<p><span class=\"VIiyi\" lang=\"fr\"><span class=\"JLqJ4b\" data-language-for-alternatives=\"fr\" data-language-to-translate-into=\"en\" data-phrase-index=\"0\" data-number-of-phrases=\"1\"><span class=\"Q4iAWc\">Directive ePrivacy (UE) <\/span><\/span><\/span><\/p>\n<p><span class=\"VIiyi\" lang=\"fr\"><span class=\"JLqJ4b\" data-language-for-alternatives=\"fr\" data-language-to-translate-into=\"en\" data-phrase-index=\"0\" data-number-of-phrases=\"1\"><span class=\"Q4iAWc\">R\u00e8glement ePrivacy (UE) <\/span><\/span><\/span><\/p>\n<p><span class=\"VIiyi\" lang=\"fr\"><span class=\"JLqJ4b\" data-language-for-alternatives=\"fr\" data-language-to-translate-into=\"en\" data-phrase-index=\"0\" data-number-of-phrases=\"1\"><span class=\"Q4iAWc\">PECR (Royaume-Uni) <\/span><\/span><\/span><\/p>\n<p><span class=\"VIiyi\" lang=\"fr\"><span class=\"JLqJ4b\" data-language-for-alternatives=\"fr\" data-language-to-translate-into=\"en\" data-phrase-index=\"0\" data-number-of-phrases=\"1\"><span class=\"Q4iAWc\">LGPD (Br\u00e9sil) <\/span><\/span><\/span><\/p>\n<p><span class=\"VIiyi\" lang=\"fr\"><span class=\"JLqJ4b\" data-language-for-alternatives=\"fr\" data-language-to-translate-into=\"en\" data-phrase-index=\"0\" data-number-of-phrases=\"1\"><span class=\"Q4iAWc\">LPRPDE (Canada) <\/span><\/span><\/span><\/p>\n<p><span class=\"VIiyi\" lang=\"fr\"><span class=\"JLqJ4b\" data-language-for-alternatives=\"fr\" data-language-to-translate-into=\"en\" data-phrase-index=\"0\" data-number-of-phrases=\"1\"><span class=\"Q4iAWc\">PDPB (Inde) <\/span><\/span><\/span><\/p>\n<p><span class=\"VIiyi\" lang=\"fr\"><span class=\"JLqJ4b\" data-language-for-alternatives=\"fr\" data-language-to-translate-into=\"en\" data-phrase-index=\"0\" data-number-of-phrases=\"1\"><span class=\"Q4iAWc\">CCPA (Californie, \u00c9tats-Unis) <\/span><\/span><\/span><\/p>\n<p><span class=\"VIiyi\" lang=\"fr\"><span class=\"JLqJ4b\" data-language-for-alternatives=\"fr\" data-language-to-translate-into=\"en\" data-phrase-index=\"0\" data-number-of-phrases=\"1\"><span class=\"Q4iAWc\">VCDPA (Virginie, \u00c9tats-Unis) Loi sur la confidentialit\u00e9 du Colorado (\u00c9tats-Unis) <\/span><\/span><\/span><\/p>\n<p><span class=\"VIiyi\" lang=\"fr\"><span class=\"JLqJ4b\" data-language-for-alternatives=\"fr\" data-language-to-translate-into=\"en\" data-phrase-index=\"0\" data-number-of-phrases=\"1\"><span class=\"Q4iAWc\">CPRA (Californie, \u00c9tats-Unis) <\/span><\/span><\/span><\/p>\n<p><span class=\"VIiyi\" lang=\"fr\"><span class=\"JLqJ4b\" data-language-for-alternatives=\"fr\" data-language-to-translate-into=\"en\" data-phrase-index=\"0\" data-number-of-phrases=\"1\"><span class=\"Q4iAWc\">La conformit\u00e9 aux cookies int\u00e8gre toutes les directives de formatage r\u00e9centes\u00a0: Contr\u00f4leur europ\u00e9en de la protection des donn\u00e9es (CEPD) <\/span><\/span><\/span><\/p>\n<p><span class=\"VIiyi\" lang=\"fr\"><span class=\"JLqJ4b\" data-language-for-alternatives=\"fr\" data-language-to-translate-into=\"en\" data-phrase-index=\"0\" data-number-of-phrases=\"1\"><span class=\"Q4iAWc\">ICO (Royaume-Uni) <\/span><\/span><\/span><\/p>\n<p><span class=\"VIiyi\" lang=\"fr\"><span class=\"JLqJ4b\" data-language-for-alternatives=\"fr\" data-language-to-translate-into=\"en\" data-phrase-index=\"0\" data-number-of-phrases=\"1\"><span class=\"Q4iAWc\">CNIL (France) <\/span><\/span><\/span><\/p>\n<p><span class=\"VIiyi\" lang=\"fr\"><span class=\"JLqJ4b\" data-language-for-alternatives=\"fr\" data-language-to-translate-into=\"en\" data-phrase-index=\"0\" data-number-of-phrases=\"1\"><span class=\"Q4iAWc\">GPDP (Italie) <\/span><\/span><\/span><\/p>\n<p><span class=\"VIiyi\" lang=\"fr\"><span class=\"JLqJ4b\" data-language-for-alternatives=\"fr\" data-language-to-translate-into=\"en\" data-phrase-index=\"0\" data-number-of-phrases=\"1\"><span class=\"Q4iAWc\">BfDl (Allemagne) <\/span><\/span><\/span><\/p>\n<p><span class=\"VIiyi\" lang=\"fr\"><span class=\"JLqJ4b\" data-language-for-alternatives=\"fr\" data-language-to-translate-into=\"en\" data-phrase-index=\"0\" data-number-of-phrases=\"1\"><span class=\"Q4iAWc\">AEPD (Espagne) <\/span><\/span><\/span><\/p>\n<p><span class=\"VIiyi\" lang=\"fr\"><span class=\"JLqJ4b\" data-language-for-alternatives=\"fr\" data-language-to-translate-into=\"en\" data-phrase-index=\"0\" data-number-of-phrases=\"1\"><span class=\"Q4iAWc\">Centre europ\u00e9en pour les droits num\u00e9riques (noyb.eu) <\/span><\/span><\/span><\/p>\n<p><span class=\"VIiyi\" lang=\"fr\"><span class=\"JLqJ4b\" data-language-for-alternatives=\"fr\" data-language-to-translate-into=\"en\" data-phrase-index=\"0\" data-number-of-phrases=\"1\"><span class=\"Q4iAWc\">La conformit\u00e9 des cookies cible les mod\u00e8les sombres Les Dark Patterns sont des techniques d&rsquo;interface utilisateur (UI) qui poussent les visiteurs du site \u00e0 prendre des d\u00e9cisions (comme accepter l&rsquo;installation de cookies sur leurs appareils) qu&rsquo;ils ne pourraient pas prendre autrement. Le motif sombre le plus courant est l&rsquo;absence d&rsquo;un bouton \u00e9gal \u00ab\u00a0rejeter tout\u00a0\u00bb sur la premi\u00e8re couche de l&rsquo;avis de consentement. Les Dark Patterns sont explicitement interdits par le RGPD et d&rsquo;autres lois sur la protection des donn\u00e9es. Dans le cadre de notre approche proactive, la conformit\u00e9 aux cookies est configur\u00e9e par d\u00e9faut pour emp\u00eacher les mod\u00e8les sombres gr\u00e2ce \u00e0 notre conception unique de consentement intentionnel.<\/span><\/span><\/span>[\/vc_column_text][\/vc_column][\/vc_row]<\/p>\n<\/div>","protected":false},"excerpt":{"rendered":"<p>[vc_row][vc_column][vc_column_text]Gestion des cookies Notre site web utilise des cookies. Un cookie est un fichier contenant un identifiant (une cha\u00eene de lettres et de chiffres) envoy\u00e9 par un serveur web vers un navigateur web et stock\u00e9 par le navigateur. L\u2019identifiant est alors renvoy\u00e9 au serveur \u00e0 chaque fois que le navigateur demande une page au serveur.&hellip;<\/p>\n","protected":false},"author":1,"featured_media":0,"parent":0,"menu_order":0,"comment_status":"closed","ping_status":"open","template":"","meta":{"footnotes":""},"class_list":["post-3832","page","type-page","status-publish","hentry","description-off"],"yoast_head":"<!-- This site is optimized with the Yoast SEO plugin v25.9 - https:\/\/yoast.com\/wordpress\/plugins\/seo\/ -->\n<title>Cookies - Agence La Canop\u00e9e<\/title>\n<meta name=\"robots\" content=\"index, follow, max-snippet:-1, max-image-preview:large, max-video-preview:-1\" \/>\n<link rel=\"canonical\" href=\"https:\/\/agence-lacanopee.com\/index.php\/cookies\/\" \/>\n<meta property=\"og:locale\" content=\"fr_FR\" \/>\n<meta property=\"og:type\" content=\"article\" \/>\n<meta property=\"og:title\" content=\"Cookies - Agence La Canop\u00e9e\" \/>\n<meta property=\"og:description\" content=\"[vc_row][vc_column][vc_column_text]Gestion des cookies Notre site web utilise des cookies. Un cookie est un fichier contenant un identifiant (une cha\u00eene de lettres et de chiffres) envoy\u00e9 par un serveur web vers un navigateur web et stock\u00e9 par le navigateur. L\u2019identifiant est alors renvoy\u00e9 au serveur \u00e0 chaque fois que le navigateur demande une page au serveur.&hellip;\" \/>\n<meta property=\"og:url\" content=\"https:\/\/agence-lacanopee.com\/index.php\/cookies\/\" \/>\n<meta property=\"og:site_name\" content=\"Agence La Canop\u00e9e\" \/>\n<meta property=\"article:modified_time\" content=\"2022-07-26T14:00:27+00:00\" \/>\n<meta name=\"twitter:card\" content=\"summary_large_image\" \/>\n<meta name=\"twitter:label1\" content=\"Dur\u00e9e de lecture estim\u00e9e\" \/>\n\t<meta name=\"twitter:data1\" content=\"10 minutes\" \/>\n<script type=\"application\/ld+json\" class=\"yoast-schema-graph\">{\"@context\":\"https:\/\/schema.org\",\"@graph\":[{\"@type\":\"WebPage\",\"@id\":\"https:\/\/agence-lacanopee.com\/index.php\/cookies\/\",\"url\":\"https:\/\/agence-lacanopee.com\/index.php\/cookies\/\",\"name\":\"Cookies - Agence La Canop\u00e9e\",\"isPartOf\":{\"@id\":\"https:\/\/agence-lacanopee.com\/#website\"},\"datePublished\":\"2022-07-26T13:59:54+00:00\",\"dateModified\":\"2022-07-26T14:00:27+00:00\",\"breadcrumb\":{\"@id\":\"https:\/\/agence-lacanopee.com\/index.php\/cookies\/#breadcrumb\"},\"inLanguage\":\"fr-FR\",\"potentialAction\":[{\"@type\":\"ReadAction\",\"target\":[\"https:\/\/agence-lacanopee.com\/index.php\/cookies\/\"]}]},{\"@type\":\"BreadcrumbList\",\"@id\":\"https:\/\/agence-lacanopee.com\/index.php\/cookies\/#breadcrumb\",\"itemListElement\":[{\"@type\":\"ListItem\",\"position\":1,\"name\":\"Accueil\",\"item\":\"https:\/\/agence-lacanopee.com\/\"},{\"@type\":\"ListItem\",\"position\":2,\"name\":\"Cookies\"}]},{\"@type\":\"WebSite\",\"@id\":\"https:\/\/agence-lacanopee.com\/#website\",\"url\":\"https:\/\/agence-lacanopee.com\/\",\"name\":\"Agence La Canop\u00e9e\",\"description\":\"\",\"potentialAction\":[{\"@type\":\"SearchAction\",\"target\":{\"@type\":\"EntryPoint\",\"urlTemplate\":\"https:\/\/agence-lacanopee.com\/?s={search_term_string}\"},\"query-input\":{\"@type\":\"PropertyValueSpecification\",\"valueRequired\":true,\"valueName\":\"search_term_string\"}}],\"inLanguage\":\"fr-FR\"}]}<\/script>\n<!-- \/ Yoast SEO plugin. -->","yoast_head_json":{"title":"Cookies - Agence La Canop\u00e9e","robots":{"index":"index","follow":"follow","max-snippet":"max-snippet:-1","max-image-preview":"max-image-preview:large","max-video-preview":"max-video-preview:-1"},"canonical":"https:\/\/agence-lacanopee.com\/index.php\/cookies\/","og_locale":"fr_FR","og_type":"article","og_title":"Cookies - Agence La Canop\u00e9e","og_description":"[vc_row][vc_column][vc_column_text]Gestion des cookies Notre site web utilise des cookies. Un cookie est un fichier contenant un identifiant (une cha\u00eene de lettres et de chiffres) envoy\u00e9 par un serveur web vers un navigateur web et stock\u00e9 par le navigateur. L\u2019identifiant est alors renvoy\u00e9 au serveur \u00e0 chaque fois que le navigateur demande une page au serveur.&hellip;","og_url":"https:\/\/agence-lacanopee.com\/index.php\/cookies\/","og_site_name":"Agence La Canop\u00e9e","article_modified_time":"2022-07-26T14:00:27+00:00","twitter_card":"summary_large_image","twitter_misc":{"Dur\u00e9e de lecture estim\u00e9e":"10 minutes"},"schema":{"@context":"https:\/\/schema.org","@graph":[{"@type":"WebPage","@id":"https:\/\/agence-lacanopee.com\/index.php\/cookies\/","url":"https:\/\/agence-lacanopee.com\/index.php\/cookies\/","name":"Cookies - Agence La Canop\u00e9e","isPartOf":{"@id":"https:\/\/agence-lacanopee.com\/#website"},"datePublished":"2022-07-26T13:59:54+00:00","dateModified":"2022-07-26T14:00:27+00:00","breadcrumb":{"@id":"https:\/\/agence-lacanopee.com\/index.php\/cookies\/#breadcrumb"},"inLanguage":"fr-FR","potentialAction":[{"@type":"ReadAction","target":["https:\/\/agence-lacanopee.com\/index.php\/cookies\/"]}]},{"@type":"BreadcrumbList","@id":"https:\/\/agence-lacanopee.com\/index.php\/cookies\/#breadcrumb","itemListElement":[{"@type":"ListItem","position":1,"name":"Accueil","item":"https:\/\/agence-lacanopee.com\/"},{"@type":"ListItem","position":2,"name":"Cookies"}]},{"@type":"WebSite","@id":"https:\/\/agence-lacanopee.com\/#website","url":"https:\/\/agence-lacanopee.com\/","name":"Agence La Canop\u00e9e","description":"","potentialAction":[{"@type":"SearchAction","target":{"@type":"EntryPoint","urlTemplate":"https:\/\/agence-lacanopee.com\/?s={search_term_string}"},"query-input":{"@type":"PropertyValueSpecification","valueRequired":true,"valueName":"search_term_string"}}],"inLanguage":"fr-FR"}]}},"_links":{"self":[{"href":"https:\/\/agence-lacanopee.com\/index.php\/wp-json\/wp\/v2\/pages\/3832","targetHints":{"allow":["GET"]}}],"collection":[{"href":"https:\/\/agence-lacanopee.com\/index.php\/wp-json\/wp\/v2\/pages"}],"about":[{"href":"https:\/\/agence-lacanopee.com\/index.php\/wp-json\/wp\/v2\/types\/page"}],"author":[{"embeddable":true,"href":"https:\/\/agence-lacanopee.com\/index.php\/wp-json\/wp\/v2\/users\/1"}],"replies":[{"embeddable":true,"href":"https:\/\/agence-lacanopee.com\/index.php\/wp-json\/wp\/v2\/comments?post=3832"}],"version-history":[{"count":2,"href":"https:\/\/agence-lacanopee.com\/index.php\/wp-json\/wp\/v2\/pages\/3832\/revisions"}],"predecessor-version":[{"id":3834,"href":"https:\/\/agence-lacanopee.com\/index.php\/wp-json\/wp\/v2\/pages\/3832\/revisions\/3834"}],"wp:attachment":[{"href":"https:\/\/agence-lacanopee.com\/index.php\/wp-json\/wp\/v2\/media?parent=3832"}],"curies":[{"name":"wp","href":"https:\/\/api.w.org\/{rel}","templated":true}]}}